{"id":426,"date":"2022-03-04T21:19:36","date_gmt":"2022-03-04T21:19:36","guid":{"rendered":"https:\/\/feld8.de\/wordpress2\/?page_id=426"},"modified":"2022-03-21T15:11:03","modified_gmt":"2022-03-21T15:11:03","slug":"der-plan","status":"publish","type":"page","link":"https:\/\/feld8.de\/wordpress2\/","title":{"rendered":"Der Plan"},"content":{"rendered":"\n<p class=\"has-text-align-left\">Gedanken kommen und gehen. Gute Gedanken kommen mehrmals, immer wieder von vorn. Wenn gute Gedanken zu phantastischen Gedanken werden sollen, dann m\u00fcssen sie festgehalten werden, betrachtet, detailliert, geformt, bis sie einzeln in der Welt stehen k\u00f6nnen, bereit, als Baustein mit andern Gedanken zu Gedankengeb\u00e4uden zusammengestellt zu werden.  <\/p>\n\n\n\n<div class=\"wp-block-group alignwide\"><div class=\"wp-block-group__inner-container is-layout-flow wp-block-group-is-layout-flow\">\n<figure class=\"wp-block-gallery alignwide has-nested-images columns-default is-cropped wp-block-gallery-2 is-layout-flex wp-block-gallery-is-layout-flex\">\n<figure class=\"wp-block-image size-large\"><img decoding=\"async\" data-id=\"359\" src=\"https:\/\/feld8.de\/wordpress2\/wp-content\/uploads\/2017\/02\/img_2717-1-scaled.jpg\" alt=\"\" class=\"wp-image-359\"\/><figcaption>Event, lange her<\/figcaption><\/figure>\n\n\n\n<figure class=\"wp-block-image size-large is-style-default\"><img loading=\"lazy\" decoding=\"async\" width=\"801\" height=\"21\" data-id=\"430\" src=\"https:\/\/feld8.de\/wordpress2\/wp-content\/uploads\/2022\/03\/wp_20140503_006-edited-1.jpg\" alt=\"\" class=\"wp-image-430\" srcset=\"https:\/\/feld8.de\/wordpress2\/wp-content\/uploads\/2022\/03\/wp_20140503_006-edited-1.jpg 801w, https:\/\/feld8.de\/wordpress2\/wp-content\/uploads\/2022\/03\/wp_20140503_006-edited-1-300x8.jpg 300w, https:\/\/feld8.de\/wordpress2\/wp-content\/uploads\/2022\/03\/wp_20140503_006-edited-1-768x20.jpg 768w\" sizes=\"auto, (max-width: 767px) 89vw, (max-width: 1000px) 54vw, (max-width: 1071px) 543px, 580px\" \/><figcaption>altes Phon<\/figcaption><\/figure>\n\n\n\n<figure class=\"wp-block-image size-large wp-duotone-8c00b7-fcff41-1\"><img loading=\"lazy\" decoding=\"async\" width=\"1024\" height=\"755\" data-id=\"238\" src=\"https:\/\/feld8.de\/wordpress2\/wp-content\/uploads\/2014\/06\/20140618-151622-54982895.jpg\" alt=\"\" class=\"wp-image-238\" srcset=\"https:\/\/feld8.de\/wordpress2\/wp-content\/uploads\/2014\/06\/20140618-151622-54982895.jpg 1024w, https:\/\/feld8.de\/wordpress2\/wp-content\/uploads\/2014\/06\/20140618-151622-54982895-300x221.jpg 300w, https:\/\/feld8.de\/wordpress2\/wp-content\/uploads\/2014\/06\/20140618-151622-54982895-768x566.jpg 768w\" sizes=\"auto, (max-width: 767px) 89vw, (max-width: 1000px) 54vw, (max-width: 1071px) 543px, 580px\" \/><figcaption>Schl\u00fcssel-Technologie<\/figcaption><\/figure>\n<\/figure>\n<\/div><\/div>\n\n\n\n<p>So weit der Plan. Nun geht es ans Werk.<\/p>\n","protected":false},"excerpt":{"rendered":"<p>Gedanken kommen und gehen. Gute Gedanken kommen mehrmals, immer wieder von vorn. Wenn gute Gedanken zu phantastischen Gedanken werden sollen, dann m\u00fcssen sie festgehalten werden, betrachtet, detailliert, geformt, bis sie einzeln in der Welt stehen k\u00f6nnen, bereit, als Baustein mit andern Gedanken zu Gedankengeb\u00e4uden zusammengestellt zu werden. So weit der Plan. Nun geht es ans &hellip; <\/p>\n<p class=\"link-more\"><a href=\"https:\/\/feld8.de\/wordpress2\/\" class=\"more-link\"><span class=\"screen-reader-text\">\u201eDer Plan\u201c<\/span> weiterlesen<\/a><\/p>\n","protected":false},"author":1,"featured_media":0,"parent":0,"menu_order":20,"comment_status":"closed","ping_status":"closed","template":"","meta":{"footnotes":""},"class_list":["post-426","page","type-page","status-publish","hentry"],"_links":{"self":[{"href":"https:\/\/feld8.de\/wordpress2\/index.php\/wp-json\/wp\/v2\/pages\/426","targetHints":{"allow":["GET"]}}],"collection":[{"href":"https:\/\/feld8.de\/wordpress2\/index.php\/wp-json\/wp\/v2\/pages"}],"about":[{"href":"https:\/\/feld8.de\/wordpress2\/index.php\/wp-json\/wp\/v2\/types\/page"}],"author":[{"embeddable":true,"href":"https:\/\/feld8.de\/wordpress2\/index.php\/wp-json\/wp\/v2\/users\/1"}],"replies":[{"embeddable":true,"href":"https:\/\/feld8.de\/wordpress2\/index.php\/wp-json\/wp\/v2\/comments?post=426"}],"version-history":[{"count":7,"href":"https:\/\/feld8.de\/wordpress2\/index.php\/wp-json\/wp\/v2\/pages\/426\/revisions"}],"predecessor-version":[{"id":450,"href":"https:\/\/feld8.de\/wordpress2\/index.php\/wp-json\/wp\/v2\/pages\/426\/revisions\/450"}],"wp:attachment":[{"href":"https:\/\/feld8.de\/wordpress2\/index.php\/wp-json\/wp\/v2\/media?parent=426"}],"curies":[{"name":"wp","href":"https:\/\/api.w.org\/{rel}","templated":true}]}}